{"id":3064,"date":"2018-09-24T07:59:39","date_gmt":"2018-09-24T07:59:39","guid":{"rendered":"https:\/\/barberry.temash.dev\/furniture\/?page_id=3064"},"modified":"2018-09-24T07:59:39","modified_gmt":"2018-09-24T07:59:39","slug":"order-tracking","status":"publish","type":"page","link":"https:\/\/gizagears.com\/?page_id=3064","title":{"rendered":"Order Tracking"},"content":{"rendered":"<div class=\"woocommerce\">\n<!-- begin grid-x -->\n<div class=\"grid-x\">\n\n  <!-- begin cell -->\n  <div class=\"cell medium-8 large-6 medium-offset-2 large-offset-3\">\n\n    <form action=\"https:\/\/gizagears.com\/?page_id=3064\" method=\"post\"\n      class=\"woocommerce-form woocommerce-form-track-order track_order\">\n\n      \n      <div class=\"track-order-inner\">\n\n        <p>\n          Sipari\u015finizi takip etmek i\u00e7in l\u00fctfen a\u015fa\u011f\u0131daki kutuya sipari\u015f numaran\u0131z\u0131 girin ve Takip Et butonuna t\u0131klay\u0131n. Size g\u00f6nderilen sipari\u015f onay e-postas\u0131nda sipari\u015f numaran\u0131z\u0131 bulabilirsiniz.        <\/p>\n\n\n\n        <p class=\"form-row form-row-first\"><label\n            for=\"orderid\">Sipari\u015f numaras\u0131<\/label> <input class=\"input-text\"\n            type=\"text\" name=\"orderid\" id=\"orderid\"\n            value=\"\"\n            placeholder=\"Sipari\u015f onay e-postas\u0131nda bulunur.\" \/><\/p>\n                <p class=\"form-row form-row-last\"><label\n            for=\"order_email\">Fatura e-posta adresi<\/label> <input class=\"input-text\"\n            type=\"text\" name=\"order_email\" id=\"order_email\"\n            value=\"\"\n            placeholder=\"\u00d6deme s\u0131ras\u0131nda kullanm\u0131\u015f oldu\u011funuz e-posta adresi.\" \/><\/p>\n                <div class=\"clear\"><\/div>\n\n                <p class=\"form-row\"><button type=\"submit\" class=\"button\" name=\"track\" value=\"Takip et\">Takip et<\/button><\/p>\n        <input type=\"hidden\" id=\"woocommerce-order-tracking-nonce\" name=\"woocommerce-order-tracking-nonce\" value=\"c56569786a\" \/><input type=\"hidden\" name=\"_wp_http_referer\" value=\"\/index.php?rest_route=%2Fwp%2Fv2%2Fpages%2F3064\" \/>\n      <\/div>\n\n      \n    <\/form>\n\n  <\/div>\n  <!-- end cell small-4 large-offset-2 -->\n\n\n\n<\/div>\n<!-- end grid-x --><\/div>\n","protected":false},"excerpt":{"rendered":"Sipari\u015finizi takip etmek i\u00e7in l\u00fctfen a\u015fa\u011f\u0131daki kutuya sipari\u015f numaran\u0131z\u0131 girin ve Takip Et butonuna t\u0131klay\u0131n. Size g\u00f6nderilen sipari\u015f onay e-postas\u0131nda\u2026","protected":false},"author":1,"featured_media":0,"parent":0,"menu_order":0,"comment_status":"closed","ping_status":"closed","template":"","meta":{"footnotes":""},"class_list":["post-3064","page","type-page","status-publish","hentry"],"acf":[],"_links":{"self":[{"href":"https:\/\/gizagears.com\/index.php?rest_route=\/wp\/v2\/pages\/3064","targetHints":{"allow":["GET"]}}],"collection":[{"href":"https:\/\/gizagears.com\/index.php?rest_route=\/wp\/v2\/pages"}],"about":[{"href":"https:\/\/gizagears.com\/index.php?rest_route=\/wp\/v2\/types\/page"}],"author":[{"embeddable":true,"href":"https:\/\/gizagears.com\/index.php?rest_route=\/wp\/v2\/users\/1"}],"replies":[{"embeddable":true,"href":"https:\/\/gizagears.com\/index.php?rest_route=%2Fwp%2Fv2%2Fcomments&post=3064"}],"version-history":[{"count":0,"href":"https:\/\/gizagears.com\/index.php?rest_route=\/wp\/v2\/pages\/3064\/revisions"}],"wp:attachment":[{"href":"https:\/\/gizagears.com\/index.php?rest_route=%2Fwp%2Fv2%2Fmedia&parent=3064"}],"curies":[{"name":"wp","href":"https:\/\/api.w.org\/{rel}","templated":true}]}}