{"id":15,"date":"2025-06-30T19:20:34","date_gmt":"2025-06-30T19:20:34","guid":{"rendered":"https:\/\/gizagears.com\/?page_id=15"},"modified":"2025-06-30T19:20:34","modified_gmt":"2025-06-30T19:20:34","slug":"my-account","status":"publish","type":"page","link":"https:\/\/gizagears.com\/?page_id=15","title":{"rendered":"My account"},"content":{"rendered":"<div class=\"woocommerce\">\n\n<!-- begin grid-x -->\n<div class=\"grid-x login-cells\">\n\t\n\t<!-- begin login-content -->\n\t<div id=\"customer_login\" class=\"login-content\">\n\n\t\t<div class=\"woocommerce-notices-wrapper\"><\/div>\n\t\t<!-- begin login-content-inner -->\n\t\t<div class=\"login-content-inner\">\n\n\t\t\t\n\t\t\t<div id=\"bb-login-wrap\" class=\"inline slide-up fade-in\">\n\t\t\t\t<div class=\"title-wrapper\">\n\t\t\t\t\t<div class=\"breadcrumbs-wrapper\"><div class=\"breadcrumbs\" xmlns:v=\"http:\/\/rdf.data-vocabulary.org\/#\"><span><a href=\"https:\/\/gizagears.com\/\" rel=\"v:url\" property=\"v:title\">Home<\/a><\/span><span class=\"delimiter\">&#047;<\/span><span class=\"current\">Sayfa<\/span><\/div><!-- .breadcrumbs --><\/div><!-- .breadcrumbs-wrapper -->\t\t\t\t\t<div class=\"page-title-wrapper\">\n\t\t\t\t\t\t<h1 class=\"page-title\">Giri\u015f Yap<\/h1>\n\t\t\t\t\t<\/div>\t\t\t\t\t\n\t\t\t\t<\/div>\n\n\t\t\t\t\t\t\n\t\t\t<form method=\"post\" class=\"login woocommerce-form woocommerce-form-login \" action=\"https:\/\/gizagears.com\/?page_id=15&#038;action=login\" >\n\n\t\t\t\t\n\n\t\t\t\t\t\t\t\t\t\t\n\t\t\t\t\t<p class=\"form-row form-row-first\">\n\t\t\t\t\t\t<label for=\"username\">Kullan\u0131c\u0131 ad\u0131 veya e-posta adresi&nbsp;<span class=\"required\">*<\/span><\/label>\n\t\t\t\t\t\t<input type=\"text\" class=\"woocommerce-Input woocommerce-Input--text input-text\" name=\"username\" id=\"username\" autocomplete=\"username\" value=\"\" \/>\n\t\t\t\t\t<\/p>\n\t\t\t\t\t<p class=\"form-row form-row-last\">\n\t\t\t\t\t\t<label for=\"password\">Parola&nbsp;<span class=\"required\">*<\/span><\/label>\n\t\t\t\t\t\t<input class=\"woocommerce-Input woocommerce-Input--text input-text\" type=\"password\" name=\"password\" id=\"password\" autocomplete=\"current-password\" \/>\n\t\t\t\t\t<\/p>\n\n\t\t\t\t\t<div class=\"clear\"><\/div>\n\n\t\t\t\t\t\n\t\t\t\t\t<p class=\"form-row form-group login-form-footer\">\n\t\t\t\t\t    <label class=\"woocommerce-form__label woocommerce-form__label-for-checkbox inline\">\n\t\t\t\t\t        <input class=\"woocommerce-form__input woocommerce-form__input-checkbox\" name=\"rememberme\" type=\"checkbox\" id=\"rememberme\" value=\"forever\" \/> <span>Beni hat\u0131rla<\/span>\n\t\t\t\t\t    <\/label>\n\t\t\t\t\t    \n\t\t\t\t\t    <span class=\"woocommerce-LostPassword lost_password\">\n\t\t\t\t\t        <a href=\"https:\/\/gizagears.com\/?page_id=15&#038;lost-password\">Parolan\u0131z\u0131 m\u0131 unuttunuz?<\/a>\n\t\t\t\t\t    <\/span>\n\t\t\t\t\t<\/p>\n\n\t\t\t\t    <p class=\"form-actions\">\n\t\t\t\t        <input type=\"hidden\" id=\"woocommerce-login-nonce\" name=\"woocommerce-login-nonce\" value=\"4230b038fa\" \/><input type=\"hidden\" name=\"_wp_http_referer\" value=\"\/index.php?rest_route=%2Fwp%2Fv2%2Fpages%2F15\" \/>                 \n\t\t\t\t        <button type=\"submit\" class=\"woocommerce-Button button\" name=\"login\" value=\"Giri\u015f Yap\">Giri\u015f Yap<\/button>\n\t\t\t\t    <\/p>\t\t\t\t\t\t\t\t\n\n\t\t\t\t\n\t\t\t<\/form>\n\n\t\t\n\t\t\t\t\t\t\t\t\n\n\t\t\t<\/div>\n\n\t\t\t\t\t\t\t\n\n\t\t<\/div>\n\t\t<!-- end login-content-inner -->\n\t\t\n\t<\/div>\n\t<!-- end login-content -->\n\n<\/div>\n<!-- end grid-x --><\/div>\n","protected":false},"excerpt":{"rendered":"Home&#047;Sayfa Giri\u015f Yap Kullan\u0131c\u0131 ad\u0131 veya e-posta adresi&nbsp;* Parola&nbsp;* Beni hat\u0131rla Parolan\u0131z\u0131 m\u0131 unuttunuz? Giri\u015f Yap","protected":false},"author":1,"featured_media":0,"parent":0,"menu_order":0,"comment_status":"closed","ping_status":"closed","template":"","meta":{"footnotes":""},"class_list":["post-15","page","type-page","status-publish","hentry"],"acf":[],"_links":{"self":[{"href":"https:\/\/gizagears.com\/index.php?rest_route=\/wp\/v2\/pages\/15","targetHints":{"allow":["GET"]}}],"collection":[{"href":"https:\/\/gizagears.com\/index.php?rest_route=\/wp\/v2\/pages"}],"about":[{"href":"https:\/\/gizagears.com\/index.php?rest_route=\/wp\/v2\/types\/page"}],"author":[{"embeddable":true,"href":"https:\/\/gizagears.com\/index.php?rest_route=\/wp\/v2\/users\/1"}],"replies":[{"embeddable":true,"href":"https:\/\/gizagears.com\/index.php?rest_route=%2Fwp%2Fv2%2Fcomments&post=15"}],"version-history":[{"count":0,"href":"https:\/\/gizagears.com\/index.php?rest_route=\/wp\/v2\/pages\/15\/revisions"}],"wp:attachment":[{"href":"https:\/\/gizagears.com\/index.php?rest_route=%2Fwp%2Fv2%2Fmedia&parent=15"}],"curies":[{"name":"wp","href":"https:\/\/api.w.org\/{rel}","templated":true}]}}